{"id":2194,"date":"2025-06-26T10:07:05","date_gmt":"2025-06-26T10:07:05","guid":{"rendered":"http:\/\/polyglotacademy.sk\/?page_id=2194"},"modified":"2025-08-26T10:07:40","modified_gmt":"2025-08-26T10:07:40","slug":"rolunk","status":"publish","type":"page","link":"https:\/\/polyglotacademy.sk\/sk\/rolunk\/","title":{"rendered":"O n\u00e1s"},"content":{"rendered":"<div data-elementor-type=\"wp-page\" data-elementor-id=\"2194\" class=\"elementor elementor-2194\">\n\t\t\t\t<div class=\"elementor-element elementor-element-283082a4 e-flex e-con-boxed wpr-particle-no wpr-jarallax-no wpr-parallax-no wpr-sticky-section-no e-con e-parent\" data-id=\"283082a4\" data-element_type=\"container\" data-e-type=\"container\" data-settings=\"{&quot;background_background&quot;:&quot;classic&quot;}\">\n\t\t\t\t\t<div class=\"e-con-inner\">\n\t\t\t\t<div class=\"elementor-element elementor-element-64c406af elementor-widget elementor-widget-spacer\" data-id=\"64c406af\" data-element_type=\"widget\" data-e-type=\"widget\" data-widget_type=\"spacer.default\">\n\t\t\t\t<div class=\"elementor-widget-container\">\n\t\t\t\t\t\t\t<div class=\"elementor-spacer\">\n\t\t\t<div class=\"elementor-spacer-inner\"><\/div>\n\t\t<\/div>\n\t\t\t\t\t\t<\/div>\n\t\t\t\t<\/div>\n\t\t\t\t<div class=\"elementor-element elementor-element-4ddceadf elementor-widget-divider--view-line elementor-widget elementor-widget-divider\" data-id=\"4ddceadf\" data-element_type=\"widget\" data-e-type=\"widget\" data-widget_type=\"divider.default\">\n\t\t\t\t<div class=\"elementor-widget-container\">\n\t\t\t\t\t\t\t<div class=\"elementor-divider\">\n\t\t\t<span class=\"elementor-divider-separator\">\n\t\t\t\t\t\t<\/span>\n\t\t<\/div>\n\t\t\t\t\t\t<\/div>\n\t\t\t\t<\/div>\n\t\t\t\t<div class=\"elementor-element elementor-element-fa3f5c2 animated-slow elementor-invisible elementor-widget elementor-widget-heading\" data-id=\"fa3f5c2\" data-element_type=\"widget\" data-e-type=\"widget\" data-settings=\"{&quot;_animation&quot;:&quot;fadeIn&quot;,&quot;_animation_delay&quot;:300}\" data-widget_type=\"heading.default\">\n\t\t\t\t<div class=\"elementor-widget-container\">\n\t\t\t\t\t<h2 class=\"elementor-heading-title elementor-size-default\">O n\u00e1s<\/h2>\t\t\t\t<\/div>\n\t\t\t\t<\/div>\n\t\t\t\t<div class=\"elementor-element elementor-element-5caf593c elementor-widget-divider--view-line elementor-widget elementor-widget-divider\" data-id=\"5caf593c\" data-element_type=\"widget\" data-e-type=\"widget\" data-widget_type=\"divider.default\">\n\t\t\t\t<div class=\"elementor-widget-container\">\n\t\t\t\t\t\t\t<div class=\"elementor-divider\">\n\t\t\t<span class=\"elementor-divider-separator\">\n\t\t\t\t\t\t<\/span>\n\t\t<\/div>\n\t\t\t\t\t\t<\/div>\n\t\t\t\t<\/div>\n\t\t\t\t<div class=\"elementor-element elementor-element-e86e92d elementor-widget elementor-widget-spacer\" data-id=\"e86e92d\" data-element_type=\"widget\" data-e-type=\"widget\" data-widget_type=\"spacer.default\">\n\t\t\t\t<div class=\"elementor-widget-container\">\n\t\t\t\t\t\t\t<div class=\"elementor-spacer\">\n\t\t\t<div class=\"elementor-spacer-inner\"><\/div>\n\t\t<\/div>\n\t\t\t\t\t\t<\/div>\n\t\t\t\t<\/div>\n\t\t\t\t<div class=\"elementor-element elementor-element-42a14176 elementor-widget elementor-widget-spacer\" data-id=\"42a14176\" data-element_type=\"widget\" data-e-type=\"widget\" data-widget_type=\"spacer.default\">\n\t\t\t\t<div class=\"elementor-widget-container\">\n\t\t\t\t\t\t\t<div class=\"elementor-spacer\">\n\t\t\t<div class=\"elementor-spacer-inner\"><\/div>\n\t\t<\/div>\n\t\t\t\t\t\t<\/div>\n\t\t\t\t<\/div>\n\t\t\t\t\t<\/div>\n\t\t\t\t<\/div>\n\t\t<div class=\"elementor-element elementor-element-7a228f25 e-flex e-con-boxed wpr-particle-no wpr-jarallax-no wpr-parallax-no wpr-sticky-section-no e-con e-parent\" data-id=\"7a228f25\" data-element_type=\"container\" data-e-type=\"container\" data-settings=\"{&quot;background_background&quot;:&quot;classic&quot;}\">\n\t\t\t\t\t<div class=\"e-con-inner\">\n\t\t\t\t<div class=\"elementor-element elementor-element-2df8fa12 elementor-widget elementor-widget-text-editor\" data-id=\"2df8fa12\" data-element_type=\"widget\" data-e-type=\"widget\" data-widget_type=\"text-editor.default\">\n\t\t\t\t<div class=\"elementor-widget-container\">\n\t\t\t\t\t\t\t\t\t<p>Hisz\u00fcnk abban, hogy <b>minden tanul\u00f3 egyedi<\/b>, \u00e9s mindegyik\u00fckben ott rejlik valami k\u00fcl\u00f6nleges. A mi feladatunk az, hogy ezt a rejtett kincset seg\u00edts\u00fcnk felfedezni \u00e9s kibontakoztatni. Els\u0151dleges c\u00e9lunk teh\u00e1t nem csup\u00e1n a tud\u00e1s \u00e1tad\u00e1sa, hanem olyan <b>sikeres, \u00f6n\u00e1ll\u00f3 \u00e9s kreat\u00edv gondolkod\u00e1s\u00fa fiatalok<\/b> nevel\u00e9se, akik b\u00e1tran \u00e9s lelkesen kapcsol\u00f3dnak a glob\u00e1lis k\u00f6z\u00f6ss\u00e9ghez.<\/p>\n<p>.<\/p>\n<p>Kto sme?<\/p>\n<p>Polyglot Academy je alternat\u00edvna vzdel\u00e1vacia in\u0161tit\u00facia, ktor\u00e1 pon\u00faka popolud\u0148aj\u0161ie a v\u00edkendov\u00e9 kurzy dop\u013a\u0148aj\u00face z\u00e1kladn\u00e9 a stredo\u0161kolsk\u00e9 vzdel\u00e1vanie \u2013 a to prezen\u010dnou aj online formou. Na\u0161e programy s\u00fa ur\u010den\u00e9 pre \u0161k\u00f4lkarov, mlad\u0161\u00edch aj star\u0161\u00edch \u017eiakov, stredo\u0161kol\u00e1kov a dospel\u00fdch, ktor\u00ed s\u00fa pripraven\u00ed na to, aby sa v prostred\u00ed plnom podpory a in\u0161pir\u00e1cie posunuli \u010falej. <b>vzru\u0161uj\u00face a z\u00e1\u017eitkov\u00e9 u\u010denie<\/b>i kaland r\u00e9szesei legyenek.<\/p><p><br><\/p>\n<p>Pre\u010do je to, \u010do pon\u00fakame, in\u00e9?<\/p>\n<p class=\"translation-block\">Na\u0161e jazykov\u00e9 programy presahuj\u00fa tradi\u010dn\u00e9 vyu\u010dovacie met\u00f3dy. Na hodin\u00e1ch zalo\u017een\u00fdch na z\u00e1\u017eitkovom vzdel\u00e1van\u00ed a vn\u00fatornej motiv\u00e1cii <b>nie je u\u010denie povinnos\u0165ou, ale rados\u0165ou<\/b>. \u017diaci pracuj\u00fa v imerz\u00edvnom jazykovom prostred\u00ed, kde <b>jazyk nie je predmetom, ale n\u00e1strojom sebavyjadrenia<\/b>. To v\u0161etko za\u017e\u00edvaj\u00fa pri spracov\u00e1van\u00ed r\u00f4znorod\u00fdch a p\u00fatav\u00fdch t\u00e9m ako s\u00fa\u010das\u0165 podporuj\u00facej komunity.<\/p><p><br><\/p>\n<p class=\"translation-block\">Tradi\u010dn\u00e9 vzdel\u00e1vanie \u010dasto neposkytuje priestor pre samostatn\u00e9 myslenie, skuto\u010dn\u00fa komunik\u00e1ciu a tvorivos\u0165. My naopak pracujeme s met\u00f3dami, ktor\u00e9 de\u0165om pom\u00e1haj\u00fa <b>odv\u00e1\u017ene sa vyjadrova\u0165, spolupracova\u0165<\/b> a lep\u0161ie spozna\u0165 nielen jazyk, ale aj vlastn\u00e9 schopnosti.<\/p><p><br><\/p>\n<p class=\"translation-block\">Po\u010das vyu\u010dovania s\u00fa \u017eiaci od prvej chv\u00edle povzbudzovan\u00ed k tomu, aby <b>odv\u00e1\u017ene pou\u017e\u00edvali jazyk \u2013 rozpr\u00e1vali, p\u00fdtali sa a prem\u00fd\u0161\u013eali v cudzom jazyku<\/b>. Interakt\u00edvne hodiny, spolo\u010dn\u00e9 projekty a hrav\u00e9 aktivity v\u0161etky smeruj\u00fa k tomu, aby dok\u00e1zali komunikova\u0165 sebavedomo a prirodzene.<\/p>\n<p><b>Krok za krokom, s podporou jeden druh\u00e9ho.<\/b><b><\/b><\/p>\n<p><b>&nbsp;<\/b><\/p>\n<p class=\"translation-block\">Uvedomujeme si, \u017ee ka\u017ed\u00e9 die\u0165a napreduje vlastn\u00fdm tempom a prich\u00e1dza s in\u00fdm z\u00e1zem\u00edm a sk\u00fasenos\u0165ami. Preto sme na\u0161e programy navrhli tak, aby <b>flexibilne reagovali na potreby \u017eiakov<\/b>. D\u00f4raz nekladieme na chyby, ale na pokrok. Deti sa u\u010dia aj navz\u00e1jom, spolo\u010dne rast\u00fa a pritom si buduj\u00fa sebad\u00f4veru, kreativitu a jazykov\u00fa istotu.<\/p><p><br><\/p>\n<p>Hisz\u00fcnk abban, hogy minden gyermekben ott rejlik valami k\u00fcl\u00f6nleges. A mi feladatunk, hogy ezt a bels\u0151 \u00e9rt\u00e9ket felsz\u00ednre hozzuk, kibontakoztassuk \u00e9s seg\u00edts\u00fck a fejl\u0151d\u00e9s\u00e9t. <b>Programjaink a nyelvtanul\u00e1st nem tant\u00e1rgyk\u00e9nt, hanem eszk\u00f6zk\u00e9nt kezelik<\/b> \u2013 a vil\u00e1g \u00e9s \u00f6nmagunk megismer\u00e9s\u00e9nek eszk\u00f6zek\u00e9nt.<\/p><p><br><\/p>\n<p><b>Na\u0161\u00edm cie\u013eom je vychov\u00e1va\u0165 sebavedom\u00fdch, prem\u00fd\u0161\u013eaj\u00facich a zvedav\u00fdch mlad\u00fdch \u013eud\u00ed, ktor\u00ed s\u00fa otvoren\u00ed svetu \u2013 aj sebe sam\u00fdm.<\/b><\/p>\t\t\t\t\t\t\t\t<\/div>\n\t\t\t\t<\/div>\n\t\t\t\t\t<\/div>\n\t\t\t\t<\/div>\n\t\t\t\t<\/div>","protected":false},"excerpt":{"rendered":"<p>R\u00f3lunk Hisz\u00fcnk abban, hogy minden tanul\u00f3 egyedi, \u00e9s mindegyik\u00fckben ott rejlik valami k\u00fcl\u00f6nleges. A mi feladatunk az, hogy ezt a rejtett kincset seg\u00edts\u00fcnk felfedezni \u00e9s kibontakoztatni. Els\u0151dleges c\u00e9lunk teh\u00e1t nem csup\u00e1n a tud\u00e1s \u00e1tad\u00e1sa, hanem olyan sikeres, \u00f6n\u00e1ll\u00f3 \u00e9s kreat\u00edv gondolkod\u00e1s\u00fa fiatalok nevel\u00e9se, akik b\u00e1tran \u00e9s lelkesen kapcsol\u00f3dnak a glob\u00e1lis k\u00f6z\u00f6ss\u00e9ghez. . Kik vagyunk? A Polyglot Academy egy olyan alternat\u00edv oktat\u00e1si int\u00e9zm\u00e9ny, amely az alap- \u00e9s k\u00f6z\u00e9pfok\u00fa oktat\u00e1st kieg\u00e9sz\u00edt\u0151, d\u00e9lut\u00e1ni \u00e9s h\u00e9tv\u00e9gi tanfolyamokat k\u00edn\u00e1l \u2013 jelenl\u00e9ti \u00e9s online form\u00e1ban egyar\u00e1nt. Programjainkat ovisoknak, kisiskol\u00e1soknak, k\u00f6z\u00e9piskol\u00e1s di\u00e1koknak \u00e9s feln\u0151tteknek sz\u00e1njuk, akik k\u00e9szen \u00e1llnak arra, hogy egy izgalmas, \u00e9lm\u00e9nyk\u00f6zpont\u00fa tanul\u00e1si kaland r\u00e9szesei legyenek. Mi\u00e9rt m\u00e1s, amit mi k\u00edn\u00e1lunk? Idegen nyelvi programjaink t\u00falmutatnak a hagyom\u00e1nyos tan\u00edt\u00e1si m\u00f3dszereken. Az \u00e9lm\u00e9nypedag\u00f3gi\u00e1n \u00e9s a bels\u0151 motiv\u00e1ci\u00f3n alapul\u00f3 foglalkoz\u00e1sainkon a tanul\u00e1s nem k\u00f6teless\u00e9g, hanem \u00f6r\u00f6m. A di\u00e1kok immerz\u00edv nyelvi k\u00f6rnyezetben dolgoznak, ahol a nyelv nem tant\u00e1rgy, hanem az \u00f6nkifejez\u00e9s eszk\u00f6ze. Mindezt v\u00e1ltozatos, izgalmas t\u00e9m\u00e1k feldolgoz\u00e1sa k\u00f6zben, egy t\u00e1mogat\u00f3 k\u00f6z\u00f6ss\u00e9g r\u00e9szek\u00e9nt \u00e9lik meg. A hagyom\u00e1nyos oktat\u00e1s sokszor nem enged teret az \u00f6n\u00e1ll\u00f3 gondolkod\u00e1snak, a val\u00f3di kommunik\u00e1ci\u00f3nak \u00e9s a kreativit\u00e1snak. Mi ezzel szemben olyan m\u00f3dszerekkel dolgozunk, amelyek seg\u00edtik a gyerekeket abban, hogy b\u00e1tran megsz\u00f3laljanak, egy\u00fcttm\u0171k\u00f6djenek, \u00e9s ne csak a nyelvet, hanem saj\u00e1t k\u00e9pess\u00e9geiket is jobban megismerj\u00e9k. A foglalkoz\u00e1sok sor\u00e1n a di\u00e1kok m\u00e1r az els\u0151 perct\u0151l kezdve arra vannak \u00f6szt\u00f6n\u00f6zve, hogy b\u00e1tran haszn\u00e1lj\u00e1k a nyelvet \u2013 besz\u00e9ljenek, k\u00e9rdezzenek, gondolkodjanak idegen nyelven. Az interakt\u00edv \u00f3r\u00e1k, a k\u00f6z\u00f6s projektek \u00e9s a j\u00e1t\u00e9kos feladatok mind azt szolg\u00e1lj\u00e1k, hogy magabiztosan \u00e9s term\u00e9szetesen kommunik\u00e1ljanak. L\u00e9p\u00e9sr\u0151l l\u00e9p\u00e9sre, egym\u00e1st t\u00e1mogatva. &nbsp; Tiszt\u00e1ban vagyunk vele, hogy minden gyermek m\u00e1s temp\u00f3ban halad, m\u00e1s h\u00e1tt\u00e9rrel \u00e9s \u00e9lm\u00e9nyekkel \u00e9rkezik. Ez\u00e9rt programjainkat \u00fagy alak\u00edtottuk ki, hogy rugalmasan alkalmazkodjanak a tanul\u00f3k ig\u00e9nyeihez. A hangs\u00faly nem a hib\u00e1kon, hanem a fejl\u0151d\u00e9sen van. A gyerekek egym\u00e1st\u00f3l is tanulnak, egy\u00fctt \u00e9p\u00edtkeznek, \u00e9s k\u00f6zben \u00f6nbizalmat, kreativit\u00e1st \u00e9s nyelvi magabiztoss\u00e1got szereznek. Hisz\u00fcnk abban, hogy minden gyermekben ott rejlik valami k\u00fcl\u00f6nleges. A mi feladatunk, hogy ezt a bels\u0151 \u00e9rt\u00e9ket felsz\u00ednre hozzuk, kibontakoztassuk \u00e9s seg\u00edts\u00fck a fejl\u0151d\u00e9s\u00e9t. Programjaink a nyelvtanul\u00e1st nem tant\u00e1rgyk\u00e9nt, hanem eszk\u00f6zk\u00e9nt kezelik \u2013 a vil\u00e1g \u00e9s \u00f6nmagunk megismer\u00e9s\u00e9nek eszk\u00f6zek\u00e9nt. C\u00e9lunk: magabiztos, gondolkod\u00f3 \u00e9s k\u00edv\u00e1ncsi fiatalok nevel\u00e9se, akik nyitottak a vil\u00e1gra \u2013 \u00e9s \u00f6nmagukra.<\/p>","protected":false},"author":1,"featured_media":0,"parent":0,"menu_order":0,"comment_status":"closed","ping_status":"closed","template":"","meta":{"site-sidebar-layout":"no-sidebar","site-content-layout":"page-builder","ast-site-content-layout":"full-width-container","site-content-style":"default","site-sidebar-style":"default","ast-global-header-display":"","ast-banner-title-visibility":"","ast-main-header-display":"","ast-hfb-above-header-display":"","ast-hfb-below-header-display":"","ast-hfb-mobile-header-display":"","site-post-title":"disabled","ast-breadcrumbs-content":"","ast-featured-img":"disabled","footer-sml-layout":"","theme-transparent-header-meta":"","adv-header-id-meta":"","stick-header-meta":"","header-above-stick-meta":"","header-main-stick-meta":"","header-below-stick-meta":"","astra-migrate-meta-layouts":"set","ast-page-background-enabled":"default","ast-page-background-meta":{"desktop":{"background-color":"var(--ast-global-color-4)","background-image":"","background-repeat":"repeat","background-position":"center center","background-size":"auto","background-attachment":"scroll","background-type":"","background-media":"","overlay-type":"","overlay-color":"","overlay-opacity":"","overlay-gradient":""},"tablet":{"background-color":"","background-image":"","background-repeat":"repeat","background-position":"center center","background-size":"auto","background-attachment":"scroll","background-type":"","background-media":"","overlay-type":"","overlay-color":"","overlay-opacity":"","overlay-gradient":""},"mobile":{"background-color":"","background-image":"","background-repeat":"repeat","background-position":"center center","background-size":"auto","background-attachment":"scroll","background-type":"","background-media":"","overlay-type":"","overlay-color":"","overlay-opacity":"","overlay-gradient":""}},"ast-content-background-meta":{"desktop":{"background-color":"var(--ast-global-color-5)","background-image":"","background-repeat":"repeat","background-position":"center center","background-size":"auto","background-attachment":"scroll","background-type":"","background-media":"","overlay-type":"","overlay-color":"","overlay-opacity":"","overlay-gradient":""},"tablet":{"background-color":"var(--ast-global-color-5)","background-image":"","background-repeat":"repeat","background-position":"center center","background-size":"auto","background-attachment":"scroll","background-type":"","background-media":"","overlay-type":"","overlay-color":"","overlay-opacity":"","overlay-gradient":""},"mobile":{"background-color":"var(--ast-global-color-5)","background-image":"","background-repeat":"repeat","background-position":"center center","background-size":"auto","background-attachment":"scroll","background-type":"","background-media":"","overlay-type":"","overlay-color":"","overlay-opacity":"","overlay-gradient":""}},"footnotes":""},"class_list":["post-2194","page","type-page","status-publish","hentry"],"_links":{"self":[{"href":"https:\/\/polyglotacademy.sk\/sk\/wp-json\/wp\/v2\/pages\/2194","targetHints":{"allow":["GET"]}}],"collection":[{"href":"https:\/\/polyglotacademy.sk\/sk\/wp-json\/wp\/v2\/pages"}],"about":[{"href":"https:\/\/polyglotacademy.sk\/sk\/wp-json\/wp\/v2\/types\/page"}],"author":[{"embeddable":true,"href":"https:\/\/polyglotacademy.sk\/sk\/wp-json\/wp\/v2\/users\/1"}],"replies":[{"embeddable":true,"href":"https:\/\/polyglotacademy.sk\/sk\/wp-json\/wp\/v2\/comments?post=2194"}],"version-history":[{"count":19,"href":"https:\/\/polyglotacademy.sk\/sk\/wp-json\/wp\/v2\/pages\/2194\/revisions"}],"predecessor-version":[{"id":2883,"href":"https:\/\/polyglotacademy.sk\/sk\/wp-json\/wp\/v2\/pages\/2194\/revisions\/2883"}],"wp:attachment":[{"href":"https:\/\/polyglotacademy.sk\/sk\/wp-json\/wp\/v2\/media?parent=2194"}],"curies":[{"name":"wp","href":"https:\/\/api.w.org\/{rel}","templated":true}]}}