{"id":2489,"date":"2025-08-11T17:37:57","date_gmt":"2025-08-11T17:37:57","guid":{"rendered":"http:\/\/polyglotacademy.sk\/?page_id=2489"},"modified":"2025-08-18T00:37:43","modified_gmt":"2025-08-18T00:37:43","slug":"ajandekutalvany","status":"publish","type":"page","link":"http:\/\/polyglotacademy.sk\/sk\/ajandekutalvany\/","title":{"rendered":"ajandekutalvany"},"content":{"rendered":"<div data-elementor-type=\"wp-page\" data-elementor-id=\"2489\" class=\"elementor elementor-2489\">\n\t\t\t\t<div class=\"elementor-element elementor-element-7bedcd5 e-flex e-con-boxed wpr-particle-no wpr-jarallax-no wpr-parallax-no wpr-sticky-section-no e-con e-parent\" data-id=\"7bedcd5\" data-element_type=\"container\" data-e-type=\"container\" data-settings=\"{&quot;background_background&quot;:&quot;classic&quot;}\">\n\t\t\t\t\t<div class=\"e-con-inner\">\n\t\t\t\t<div class=\"elementor-element elementor-element-063af1d elementor-widget elementor-widget-heading\" data-id=\"063af1d\" data-element_type=\"widget\" data-e-type=\"widget\" data-widget_type=\"heading.default\">\n\t\t\t\t<div class=\"elementor-widget-container\">\n\t\t\t\t\t<h2 class=\"elementor-heading-title elementor-size-default\">Darujte z\u00e1\u017eitok, vedomosti \u2013 a \u010daro nov\u00e9ho jazyka! <\/h2>\t\t\t\t<\/div>\n\t\t\t\t<\/div>\n\t\t\t\t<div class=\"elementor-element elementor-element-5c97900 elementor-widget elementor-widget-text-editor\" data-id=\"5c97900\" data-element_type=\"widget\" data-e-type=\"widget\" data-widget_type=\"text-editor.default\">\n\t\t\t\t<div class=\"elementor-widget-container\">\n\t\t\t\t\t\t\t\t\t<p class=\"translation-block\">Prekvapte svojich bl\u00edzkych, priate\u013eov alebo aj seba sam\u00fdch <b>dar\u010dekov\u00fdm poukazom POLYGLOT<\/b>, v\u010faka ktor\u00e9mu sa \u0161t\u00fadium jazykov stane osobn\u00fdm z\u00e1\u017eitkom!<\/p><p><span style=\"font-style: inherit;\">Nech u\u017e niekto za\u010d\u00edna od nuly alebo je u\u017e sk\u00fasen\u00fdm \u0161tudentom jazyka \u2013 u n\u00e1s si ka\u017ed\u00fd n\u00e1jde v\u00fdzvu a in\u0161pir\u00e1ciu, ktor\u00e1 mu vyhovuje.<\/span><\/p>\t\t\t\t\t\t\t\t<\/div>\n\t\t\t\t<\/div>\n\t\t\t\t<div class=\"elementor-element elementor-element-8fecb98 elementor-widget elementor-widget-text-editor\" data-id=\"8fecb98\" data-element_type=\"widget\" data-e-type=\"widget\" data-widget_type=\"text-editor.default\">\n\t\t\t\t<div class=\"elementor-widget-container\">\n\t\t\t\t\t\t\t\t\t<p><b>Pre\u010do je to v\u00fdnimo\u010dn\u00fd dar\u010dek?<\/b><\/p><p><br \/>Preto\u017ee nejde len o kurz, ale o nov\u00e9 pr\u00edle\u017eitosti, sebavedomie, otvoren\u00e9 okn\u00e1 do sveta.<\/p>\t\t\t\t\t\t\t\t<\/div>\n\t\t\t\t<\/div>\n\t\t\t\t<div class=\"elementor-element elementor-element-a47de41 elementor-widget elementor-widget-text-editor\" data-id=\"a47de41\" data-element_type=\"widget\" data-e-type=\"widget\" data-widget_type=\"text-editor.default\">\n\t\t\t\t<div class=\"elementor-widget-container\">\n\t\t\t\t\t\t\t\t\t<p><b>Takto to funguje:<\/b><b><\/b><\/p><ol><li>Vyberte hodnotu poukazu.<\/li><li>Za\u0161leme v\u00e1m ich v elegantnej tla\u010denej forme alebo ich aj po\u0161leme po\u0161tou \u2013 pod\u013ea v\u00e1\u0161ho \u017eelania.<\/li><li>Obdarovan\u00fd m\u00f4\u017ee poukaz uplatni\u0165 na ak\u00fdko\u013evek dostupn\u00fd kurz v priebehu jedn\u00e9ho roka.<\/li><\/ol>\t\t\t\t\t\t\t\t<\/div>\n\t\t\t\t<\/div>\n\t\t\t\t<div class=\"elementor-element elementor-element-eeef822 elementor-widget elementor-widget-text-editor\" data-id=\"eeef822\" data-element_type=\"widget\" data-e-type=\"widget\" data-widget_type=\"text-editor.default\">\n\t\t\t\t<div class=\"elementor-widget-container\">\n\t\t\t\t\t\t\t\t\t<p>\u00a0<\/p><p>\u0160t\u00fadium jazykov? Cestovanie? Kari\u00e9ra? Osobn\u00fd rozvoj? Darujte nie\u010do, \u010do mu zostane nav\u017edy!<\/p><p>.<\/p>\t\t\t\t\t\t\t\t<\/div>\n\t\t\t\t<\/div>\n\t\t\t\t<div class=\"elementor-element elementor-element-b3db73d elementor-widget elementor-widget-spacer\" data-id=\"b3db73d\" data-element_type=\"widget\" data-e-type=\"widget\" data-widget_type=\"spacer.default\">\n\t\t\t\t<div class=\"elementor-widget-container\">\n\t\t\t\t\t\t\t<div class=\"elementor-spacer\">\n\t\t\t<div class=\"elementor-spacer-inner\"><\/div>\n\t\t<\/div>\n\t\t\t\t\t\t<\/div>\n\t\t\t\t<\/div>\n\t\t\t\t\t<\/div>\n\t\t\t\t<\/div>\n\t\t\t\t<\/div>","protected":false},"excerpt":{"rendered":"<p>Aj\u00e1nd\u00e9kozz \u00e9lm\u00e9nyt, tud\u00e1st \u2013 \u00e9s egy \u00faj nyelv var\u00e1zs\u00e1t! Lepd meg szeretteidet, bar\u00e1taidat vagy ak\u00e1r \u00f6nmagadat egy POLYGLOT aj\u00e1nd\u00e9kutalv\u00e1nnyal, amellyel nyelvtanul\u00e1sb\u00f3l szem\u00e9lyes \u00e9lm\u00e9ny sz\u00fcletik!&nbsp; Ak\u00e1r a null\u00e1r\u00f3l indul valaki, ak\u00e1r m\u00e1r tapasztalt nyelvtanul\u00f3 \u2013 n\u00e1lunk mindenki megtal\u00e1lja a hozz\u00e1 ill\u0151 kih\u00edv\u00e1st \u00e9s inspir\u00e1ci\u00f3t. Mi\u00e9rt k\u00fcl\u00f6nleges aj\u00e1nd\u00e9k ez? Mert nemcsak egy tanfolyamr\u00f3l sz\u00f3l, hanem \u00faj lehet\u0151s\u00e9gekr\u0151l, \u00f6nbizalomr\u00f3l, vil\u00e1gra ny\u00edl\u00f3 ablakokr\u00f3l. \u00cdgy m\u0171k\u00f6dik: V\u00e1laszd ki az utalv\u00e1ny \u00e9rt\u00e9k\u00e9t. Mi elk\u00fcldj\u00fck eleg\u00e1ns, nyomtathat\u00f3 form\u00e1ban, vagy ak\u00e1r post\u00e1zzuk is \u2013 tetsz\u00e9s szerint. A megaj\u00e1nd\u00e9kozott 1 \u00e9ven bel\u00fcl b\u00e1rmely el\u00e9rhet\u0151 tanfolyamra bev\u00e1lthatja. \u00a0 Nyelvtanul\u00e1s? Utaz\u00e1s? Karrier? Szem\u00e9lyes fejl\u0151d\u00e9s? Aj\u00e1nd\u00e9kozz valamit, ami \u00f6r\u00f6kre vele marad! .<\/p>","protected":false},"author":1,"featured_media":0,"parent":0,"menu_order":0,"comment_status":"closed","ping_status":"closed","template":"","meta":{"site-sidebar-layout":"no-sidebar","site-content-layout":"page-builder","ast-site-content-layout":"full-width-container","site-content-style":"default","site-sidebar-style":"default","ast-global-header-display":"","ast-banner-title-visibility":"","ast-main-header-display":"","ast-hfb-above-header-display":"","ast-hfb-below-header-display":"","ast-hfb-mobile-header-display":"","site-post-title":"disabled","ast-breadcrumbs-content":"","ast-featured-img":"disabled","footer-sml-layout":"","theme-transparent-header-meta":"","adv-header-id-meta":"","stick-header-meta":"","header-above-stick-meta":"","header-main-stick-meta":"","header-below-stick-meta":"","astra-migrate-meta-layouts":"set","ast-page-background-enabled":"default","ast-page-background-meta":{"desktop":{"background-color":"var(--ast-global-color-4)","background-image":"","background-repeat":"repeat","background-position":"center center","background-size":"auto","background-attachment":"scroll","background-type":"","background-media":"","overlay-type":"","overlay-color":"","overlay-opacity":"","overlay-gradient":""},"tablet":{"background-color":"","background-image":"","background-repeat":"repeat","background-position":"center center","background-size":"auto","background-attachment":"scroll","background-type":"","background-media":"","overlay-type":"","overlay-color":"","overlay-opacity":"","overlay-gradient":""},"mobile":{"background-color":"","background-image":"","background-repeat":"repeat","background-position":"center center","background-size":"auto","background-attachment":"scroll","background-type":"","background-media":"","overlay-type":"","overlay-color":"","overlay-opacity":"","overlay-gradient":""}},"ast-content-background-meta":{"desktop":{"background-color":"var(--ast-global-color-5)","background-image":"","background-repeat":"repeat","background-position":"center center","background-size":"auto","background-attachment":"scroll","background-type":"","background-media":"","overlay-type":"","overlay-color":"","overlay-opacity":"","overlay-gradient":""},"tablet":{"background-color":"var(--ast-global-color-5)","background-image":"","background-repeat":"repeat","background-position":"center center","background-size":"auto","background-attachment":"scroll","background-type":"","background-media":"","overlay-type":"","overlay-color":"","overlay-opacity":"","overlay-gradient":""},"mobile":{"background-color":"var(--ast-global-color-5)","background-image":"","background-repeat":"repeat","background-position":"center center","background-size":"auto","background-attachment":"scroll","background-type":"","background-media":"","overlay-type":"","overlay-color":"","overlay-opacity":"","overlay-gradient":""}},"footnotes":""},"class_list":["post-2489","page","type-page","status-publish","hentry"],"_links":{"self":[{"href":"http:\/\/polyglotacademy.sk\/sk\/wp-json\/wp\/v2\/pages\/2489","targetHints":{"allow":["GET"]}}],"collection":[{"href":"http:\/\/polyglotacademy.sk\/sk\/wp-json\/wp\/v2\/pages"}],"about":[{"href":"http:\/\/polyglotacademy.sk\/sk\/wp-json\/wp\/v2\/types\/page"}],"author":[{"embeddable":true,"href":"http:\/\/polyglotacademy.sk\/sk\/wp-json\/wp\/v2\/users\/1"}],"replies":[{"embeddable":true,"href":"http:\/\/polyglotacademy.sk\/sk\/wp-json\/wp\/v2\/comments?post=2489"}],"version-history":[{"count":8,"href":"http:\/\/polyglotacademy.sk\/sk\/wp-json\/wp\/v2\/pages\/2489\/revisions"}],"predecessor-version":[{"id":2742,"href":"http:\/\/polyglotacademy.sk\/sk\/wp-json\/wp\/v2\/pages\/2489\/revisions\/2742"}],"wp:attachment":[{"href":"http:\/\/polyglotacademy.sk\/sk\/wp-json\/wp\/v2\/media?parent=2489"}],"curies":[{"name":"wp","href":"https:\/\/api.w.org\/{rel}","templated":true}]}}