{"id":2347,"date":"2025-07-29T11:15:45","date_gmt":"2025-07-29T11:15:45","guid":{"rendered":"http:\/\/polyglotacademy.sk\/?page_id=2347"},"modified":"2025-08-19T09:49:58","modified_gmt":"2025-08-19T09:49:58","slug":"tolmacsolas","status":"publish","type":"page","link":"http:\/\/polyglotacademy.sk\/sk\/tolmacsolas\/","title":{"rendered":"Ford\u00edt\u00e1s &#8211; Copy"},"content":{"rendered":"<div data-elementor-type=\"wp-page\" data-elementor-id=\"2347\" class=\"elementor elementor-2347\">\n\t\t\t\t<div class=\"elementor-element elementor-element-6313e3f e-flex e-con-boxed wpr-particle-no wpr-jarallax-no wpr-parallax-no wpr-sticky-section-no e-con e-parent\" data-id=\"6313e3f\" data-element_type=\"container\" data-e-type=\"container\" data-settings=\"{&quot;background_background&quot;:&quot;classic&quot;}\">\n\t\t\t\t\t<div class=\"e-con-inner\">\n\t\t\t\t<div class=\"elementor-element elementor-element-7a4fc19 elementor-widget elementor-widget-spacer\" data-id=\"7a4fc19\" data-element_type=\"widget\" data-e-type=\"widget\" data-widget_type=\"spacer.default\">\n\t\t\t\t<div class=\"elementor-widget-container\">\n\t\t\t\t\t\t\t<div class=\"elementor-spacer\">\n\t\t\t<div class=\"elementor-spacer-inner\"><\/div>\n\t\t<\/div>\n\t\t\t\t\t\t<\/div>\n\t\t\t\t<\/div>\n\t\t\t\t<div class=\"elementor-element elementor-element-9c5eb31 elementor-widget elementor-widget-heading\" data-id=\"9c5eb31\" data-element_type=\"widget\" data-e-type=\"widget\" data-widget_type=\"heading.default\">\n\t\t\t\t<div class=\"elementor-widget-container\">\n\t\t\t\t\t<h2 class=\"elementor-heading-title elementor-size-default\">Tlmo\u010denie<\/h2>\t\t\t\t<\/div>\n\t\t\t\t<\/div>\n\t\t\t\t<div class=\"elementor-element elementor-element-659e602 elementor-widget elementor-widget-spacer\" data-id=\"659e602\" data-element_type=\"widget\" data-e-type=\"widget\" data-widget_type=\"spacer.default\">\n\t\t\t\t<div class=\"elementor-widget-container\">\n\t\t\t\t\t\t\t<div class=\"elementor-spacer\">\n\t\t\t<div class=\"elementor-spacer-inner\"><\/div>\n\t\t<\/div>\n\t\t\t\t\t\t<\/div>\n\t\t\t\t<\/div>\n\t\t\t\t\t<\/div>\n\t\t\t\t<\/div>\n\t\t<div class=\"elementor-element elementor-element-317e863 e-flex e-con-boxed wpr-particle-no wpr-jarallax-no wpr-parallax-no wpr-sticky-section-no e-con e-parent\" data-id=\"317e863\" data-element_type=\"container\" data-e-type=\"container\" data-settings=\"{&quot;background_background&quot;:&quot;classic&quot;}\">\n\t\t\t\t\t<div class=\"e-con-inner\">\n\t\t<div class=\"elementor-element elementor-element-6e61d65 e-con-full e-flex wpr-particle-no wpr-jarallax-no wpr-parallax-no wpr-sticky-section-no e-con e-child\" data-id=\"6e61d65\" data-element_type=\"container\" data-e-type=\"container\" data-settings=\"{&quot;background_background&quot;:&quot;classic&quot;}\">\n\t\t\t\t<div class=\"elementor-element elementor-element-0a8c707 elementor-widget elementor-widget-spacer\" data-id=\"0a8c707\" data-element_type=\"widget\" data-e-type=\"widget\" data-widget_type=\"spacer.default\">\n\t\t\t\t<div class=\"elementor-widget-container\">\n\t\t\t\t\t\t\t<div class=\"elementor-spacer\">\n\t\t\t<div class=\"elementor-spacer-inner\"><\/div>\n\t\t<\/div>\n\t\t\t\t\t\t<\/div>\n\t\t\t\t<\/div>\n\t\t\t\t<div class=\"elementor-element elementor-element-7482c5f elementor-widget elementor-widget-text-editor\" data-id=\"7482c5f\" data-element_type=\"widget\" data-e-type=\"widget\" data-widget_type=\"text-editor.default\">\n\t\t\t\t<div class=\"elementor-widget-container\">\n\t\t\t\t\t\t\t\t\t<p>\u010ci u\u017e ide o obchodn\u00e9 rokovanie, rodinn\u00fa udalos\u0165, vybavovanie na \u00faradoch alebo telefon\u00e1t \u2013 sme tam, kde je potrebn\u00fd jazykov\u00fd most.<\/p><p class=\"translation-block\"><b>Poskytujeme konsekut\u00edvne a simult\u00e1nne tlmo\u010denie<\/b> osobne aj online, a ak je potrebn\u00e9, sprostredkujeme aj hovory za v\u00e1s \u2013 \u010di u\u017e ide o \u00farad, firmu alebo s\u00fakromn\u00fa osobu.<\/p><p><b>Nejde len o preklad \u2013 vytv\u00e1rame spojenie.<\/b><\/p>\t\t\t\t\t\t\t\t<\/div>\n\t\t\t\t<\/div>\n\t\t\t\t<\/div>\n\t\t<div class=\"elementor-element elementor-element-0b5d665 e-con-full e-flex wpr-particle-no wpr-jarallax-no wpr-parallax-no wpr-sticky-section-no e-con e-child\" data-id=\"0b5d665\" data-element_type=\"container\" data-e-type=\"container\" data-settings=\"{&quot;background_background&quot;:&quot;classic&quot;}\">\n\t\t\t\t<div class=\"elementor-element elementor-element-ad0b5fa elementor-widget elementor-widget-image\" data-id=\"ad0b5fa\" data-element_type=\"widget\" data-e-type=\"widget\" data-widget_type=\"image.default\">\n\t\t\t\t<div class=\"elementor-widget-container\">\n\t\t\t\t\t\t\t\t\t\t\t\t\t\t\t<img fetchpriority=\"high\" decoding=\"async\" width=\"724\" height=\"1024\" src=\"http:\/\/polyglotacademy.sk\/wp-content\/uploads\/2025\/08\/Beige-Aesthetic-Price-List-7.jpeg\" class=\"attachment-large size-large wp-image-2335\" alt=\"\" srcset=\"https:\/\/polyglotacademy.sk\/wp-content\/uploads\/2025\/08\/Beige-Aesthetic-Price-List-7.jpeg 1414w, https:\/\/polyglotacademy.sk\/wp-content\/uploads\/2025\/08\/Beige-Aesthetic-Price-List-7-212x300.jpeg 212w, https:\/\/polyglotacademy.sk\/wp-content\/uploads\/2025\/08\/Beige-Aesthetic-Price-List-7-724x1024.jpeg 724w, https:\/\/polyglotacademy.sk\/wp-content\/uploads\/2025\/08\/Beige-Aesthetic-Price-List-7-768x1086.jpeg 768w, https:\/\/polyglotacademy.sk\/wp-content\/uploads\/2025\/08\/Beige-Aesthetic-Price-List-7-1086x1536.jpeg 1086w, https:\/\/polyglotacademy.sk\/wp-content\/uploads\/2025\/08\/Beige-Aesthetic-Price-List-7-8x12.jpeg 8w\" sizes=\"(max-width: 724px) 100vw, 724px\" \/>\t\t\t\t\t\t\t\t\t\t\t\t\t\t\t<\/div>\n\t\t\t\t<\/div>\n\t\t\t\t<\/div>\n\t\t\t\t\t<\/div>\n\t\t\t\t<\/div>\n\t\t\t\t<\/div>","protected":false},"excerpt":{"rendered":"<p>Tolm\u00e1csol\u00e1s Ak\u00e1r \u00fczleti t\u00e1rgyal\u00e1s, csal\u00e1di esem\u00e9ny, int\u00e9zm\u00e9nyi \u00fcgyint\u00e9z\u00e9s vagy telefonh\u00edv\u00e1s \u2013 mi ott vagyunk, ahol nyelvi h\u00eddra van sz\u00fcks\u00e9g. Konzekut\u00edv \u00e9s szinkrontolm\u00e1csol\u00e1st v\u00e1llalunk szem\u00e9lyesen \u00e9s online, \u00e9s ha kell, le is bonyol\u00edtjuk a h\u00edv\u00e1sokat \u00d6n helyett \u2013 legyen sz\u00f3 hivatalr\u00f3l, c\u00e9gr\u0151l vagy mag\u00e1nszem\u00e9lyr\u0151l. Nemcsak ford\u00edtunk \u2013 kapcsolatot teremt\u00fcnk.<\/p>","protected":false},"author":1,"featured_media":0,"parent":0,"menu_order":0,"comment_status":"closed","ping_status":"closed","template":"","meta":{"site-sidebar-layout":"no-sidebar","site-content-layout":"page-builder","ast-site-content-layout":"full-width-container","site-content-style":"default","site-sidebar-style":"default","ast-global-header-display":"","ast-banner-title-visibility":"","ast-main-header-display":"","ast-hfb-above-header-display":"","ast-hfb-below-header-display":"","ast-hfb-mobile-header-display":"","site-post-title":"disabled","ast-breadcrumbs-content":"","ast-featured-img":"disabled","footer-sml-layout":"","theme-transparent-header-meta":"","adv-header-id-meta":"","stick-header-meta":"","header-above-stick-meta":"","header-main-stick-meta":"","header-below-stick-meta":"","astra-migrate-meta-layouts":"set","ast-page-background-enabled":"default","ast-page-background-meta":{"desktop":{"background-color":"var(--ast-global-color-4)","background-image":"","background-repeat":"repeat","background-position":"center center","background-size":"auto","background-attachment":"scroll","background-type":"","background-media":"","overlay-type":"","overlay-color":"","overlay-opacity":"","overlay-gradient":""},"tablet":{"background-color":"","background-image":"","background-repeat":"repeat","background-position":"center center","background-size":"auto","background-attachment":"scroll","background-type":"","background-media":"","overlay-type":"","overlay-color":"","overlay-opacity":"","overlay-gradient":""},"mobile":{"background-color":"","background-image":"","background-repeat":"repeat","background-position":"center center","background-size":"auto","background-attachment":"scroll","background-type":"","background-media":"","overlay-type":"","overlay-color":"","overlay-opacity":"","overlay-gradient":""}},"ast-content-background-meta":{"desktop":{"background-color":"var(--ast-global-color-5)","background-image":"","background-repeat":"repeat","background-position":"center center","background-size":"auto","background-attachment":"scroll","background-type":"","background-media":"","overlay-type":"","overlay-color":"","overlay-opacity":"","overlay-gradient":""},"tablet":{"background-color":"var(--ast-global-color-5)","background-image":"","background-repeat":"repeat","background-position":"center center","background-size":"auto","background-attachment":"scroll","background-type":"","background-media":"","overlay-type":"","overlay-color":"","overlay-opacity":"","overlay-gradient":""},"mobile":{"background-color":"var(--ast-global-color-5)","background-image":"","background-repeat":"repeat","background-position":"center center","background-size":"auto","background-attachment":"scroll","background-type":"","background-media":"","overlay-type":"","overlay-color":"","overlay-opacity":"","overlay-gradient":""}},"footnotes":""},"class_list":["post-2347","page","type-page","status-publish","hentry"],"_links":{"self":[{"href":"http:\/\/polyglotacademy.sk\/sk\/wp-json\/wp\/v2\/pages\/2347","targetHints":{"allow":["GET"]}}],"collection":[{"href":"http:\/\/polyglotacademy.sk\/sk\/wp-json\/wp\/v2\/pages"}],"about":[{"href":"http:\/\/polyglotacademy.sk\/sk\/wp-json\/wp\/v2\/types\/page"}],"author":[{"embeddable":true,"href":"http:\/\/polyglotacademy.sk\/sk\/wp-json\/wp\/v2\/users\/1"}],"replies":[{"embeddable":true,"href":"http:\/\/polyglotacademy.sk\/sk\/wp-json\/wp\/v2\/comments?post=2347"}],"version-history":[{"count":29,"href":"http:\/\/polyglotacademy.sk\/sk\/wp-json\/wp\/v2\/pages\/2347\/revisions"}],"predecessor-version":[{"id":2815,"href":"http:\/\/polyglotacademy.sk\/sk\/wp-json\/wp\/v2\/pages\/2347\/revisions\/2815"}],"wp:attachment":[{"href":"http:\/\/polyglotacademy.sk\/sk\/wp-json\/wp\/v2\/media?parent=2347"}],"curies":[{"name":"wp","href":"https:\/\/api.w.org\/{rel}","templated":true}]}}